{"id":5632,"date":"2024-11-28T00:26:08","date_gmt":"2024-11-28T00:26:08","guid":{"rendered":"https:\/\/pierrepotvin.com\/wp\/?page_id=5632"},"modified":"2024-11-28T17:41:17","modified_gmt":"2024-11-28T17:41:17","slug":"services-outils-tricoast-education","status":"publish","type":"page","link":"https:\/\/pierrepotvin.com\/wp\/premiers-signes-v2\/services-outils-tricoast-education\/","title":{"rendered":"Services &#8211; Outils &#8211; Tricoast Education"},"content":{"rendered":"<p style=\"text-align: center;\"><strong><a href=\"https:\/\/www.tricoasteducation.com\/fr\">https:\/\/www.tricoasteducation.com\/fr<\/a><\/strong><\/p>\n<p style=\"text-align: center;\"><strong><a href=\"https:\/\/pierrepotvin.com\/wp\/wp-content\/uploads\/2024\/11\/TCE-infographie-Francais.pdf\">TCE infographie (Fran\u00e7ais)<\/a><\/strong><\/p>\n<p style=\"text-align: center;\">\n<p>Chaque enfant a le potentiel d\u2019apprendre et le droit de r\u00e9aliser ce potentiel, peu importe sa culture, sa langue ou ses capacit\u00e9s. Nous offrons aux praticiens de l&rsquo;\u00e9ducation les outils et les orientations n\u00e9cessaires pour mettre en lumi\u00e8re le potentiel d&rsquo;apprentissage de chaque enfant, et leur offrir le soutien n\u00e9cessaire pour que leur potentiel soit pleinement r\u00e9alis\u00e9.<\/p>\n<p>Notre \u00e9valuation dynamique bas\u00e9e sur les programmes d\u2019\u00e9tudes (\u00c9DP\u00c9) unique identifie avec pr\u00e9cision le potentiel d\u2019apprentissage linguistique d\u2019un apprenant de la maternelle \u00e0 la 12e ann\u00e9e. Nous pouvons rapidement diff\u00e9rencier les apprenants qui ont besoin de services linguistiques sp\u00e9cialis\u00e9s de ceux qui ont besoin d\u2019un enseignement linguistique r\u00e9gulier.<br \/>\nNotre approche est :<br \/>\n\u2022 Adapt\u00e9e au style d&rsquo;apprentissage de chaque apprenant<br \/>\n\u2022 Sensible aux diff\u00e9rences culturelles<br \/>\n\u2022 Bas\u00e9e sur la recherche<br \/>\n\u2022 Collaborative<\/p>\n<p>Chaque enfant a le potentiel d\u2019apprendre et le droit de r\u00e9aliser ce potentiel, peu importe sa culture, sa langue ou ses capacit\u00e9s. Nous offrons aux praticiens de l&rsquo;\u00e9ducation les outils et les orientations n\u00e9cessaires pour mettre en lumi\u00e8re le potentiel d&rsquo;apprentissage de chaque enfant, et leur offrir le soutien n\u00e9cessaire pour que leur potentiel soit pleinement r\u00e9alis\u00e9.<br \/>\nNotre \u00e9valuation dynamique bas\u00e9e sur les programmes d\u2019\u00e9tudes (\u00c9DP\u00c9) unique identifie avec pr\u00e9cision le potentiel d\u2019apprentissage linguistique d\u2019un apprenant de la maternelle \u00e0 la 12e ann\u00e9e. Nous pouvons rapidement diff\u00e9rencier les apprenants qui ont besoin de services linguistiques sp\u00e9cialis\u00e9s de ceux qui ont besoin d\u2019un enseignement linguistique r\u00e9gulier.<br \/>\nNotre approche est :<br \/>\n\u2022 Adapt\u00e9e au style d&rsquo;apprentissage de chaque apprenant<br \/>\n\u2022 Sensible aux diff\u00e9rences culturelles<br \/>\n\u2022 Bas\u00e9e sur la recherche<br \/>\n\u2022 Collaborative<\/p>\n<p>Nous offrons quatre services distincts adapt\u00e9s aux divers besoins des praticiens de l\u2019\u00e9ducation, des syst\u00e8mes scolaires et des apprenants.<\/p>\n","protected":false},"excerpt":{"rendered":"<p>https:\/\/www.tricoasteducation.com\/fr TCE infographie (Fran\u00e7ais) Chaque enfant a le potentiel d\u2019apprendre et le droit de r\u00e9aliser ce potentiel, peu importe sa culture, sa langue ou ses capacit\u00e9s. Nous offrons aux praticiens de l&rsquo;\u00e9ducation les outils et les orientations n\u00e9cessaires pour mettre en lumi\u00e8re le potentiel d&rsquo;apprentissage de chaque enfant, et leur offrir le soutien n\u00e9cessaire pour&hellip;<\/p>\n","protected":false},"author":1,"featured_media":0,"parent":4457,"menu_order":0,"comment_status":"closed","ping_status":"closed","template":"","meta":{"jetpack_post_was_ever_published":false,"footnotes":""},"class_list":["post-5632","page","type-page","status-publish","hentry"],"jetpack_sharing_enabled":true,"_links":{"self":[{"href":"https:\/\/pierrepotvin.com\/wp\/wp-json\/wp\/v2\/pages\/5632","targetHints":{"allow":["GET"]}}],"collection":[{"href":"https:\/\/pierrepotvin.com\/wp\/wp-json\/wp\/v2\/pages"}],"about":[{"href":"https:\/\/pierrepotvin.com\/wp\/wp-json\/wp\/v2\/types\/page"}],"author":[{"embeddable":true,"href":"https:\/\/pierrepotvin.com\/wp\/wp-json\/wp\/v2\/users\/1"}],"replies":[{"embeddable":true,"href":"https:\/\/pierrepotvin.com\/wp\/wp-json\/wp\/v2\/comments?post=5632"}],"version-history":[{"count":5,"href":"https:\/\/pierrepotvin.com\/wp\/wp-json\/wp\/v2\/pages\/5632\/revisions"}],"predecessor-version":[{"id":5640,"href":"https:\/\/pierrepotvin.com\/wp\/wp-json\/wp\/v2\/pages\/5632\/revisions\/5640"}],"up":[{"embeddable":true,"href":"https:\/\/pierrepotvin.com\/wp\/wp-json\/wp\/v2\/pages\/4457"}],"wp:attachment":[{"href":"https:\/\/pierrepotvin.com\/wp\/wp-json\/wp\/v2\/media?parent=5632"}],"curies":[{"name":"wp","href":"https:\/\/api.w.org\/{rel}","templated":true}]}}