{"id":4501,"date":"2021-02-20T20:02:40","date_gmt":"2021-02-20T20:02:40","guid":{"rendered":"http:\/\/pierrepotvin.com\/wp\/?page_id=4501"},"modified":"2024-08-17T14:26:23","modified_gmt":"2024-08-17T14:26:23","slug":"rapport-dexperimentation-du-logiciel-premiers-signes-v2","status":"publish","type":"page","link":"https:\/\/pierrepotvin.com\/wp\/premiers-signes-v2\/rapport-dexperimentation-du-logiciel-premiers-signes-v2\/","title":{"rendered":"Rapport d&rsquo;exp\u00e9rimentation du logiciel Premiers signes V2"},"content":{"rendered":"<h3><span style=\"color: #000000;\">La version V2 du logiciel\u00a0<em>Premiers signes\u00a0<\/em>a \u00e9t\u00e9 exp\u00e9riment\u00e9 \u00e0 l&rsquo;automne 2020 par 16 participants de diff\u00e9rents pays (Qu\u00e9bec &#8211; Canada, Belgique, Alg\u00e9rie, Tun\u00e9sie, France, Cameroun.<\/span><\/h3>\n<h3 style=\"text-align: center;\">\u00a0<a href=\"http:\/\/pierrepotvin.com\/wp\/wp-content\/uploads\/2021\/02\/Rapport-du-Projet-dexp.-1er-signes-Version-participants.pdf\">Rapport du Projet d&rsquo;exp. 1er signes- Version participants<\/a><\/h3>\n<h3 style=\"text-align: center;\"><span style=\"color: #000000;\">Rapport de recherche sur l&rsquo;utilisation de Premiers signes<br \/>\n<a href=\"https:\/\/pierrepotvin.com\/wp\/wp-content\/uploads\/2024\/08\/Rapport-de-recherche-1er-Signes-Lensemble-1-FIN.docx\">Rapport de recherche 1er Signes L&rsquo;ensemble (1) FIN<\/a><br \/>\n<\/span><\/h3>\n","protected":false},"excerpt":{"rendered":"<p>La version V2 du logiciel\u00a0Premiers signes\u00a0a \u00e9t\u00e9 exp\u00e9riment\u00e9 \u00e0 l&rsquo;automne 2020 par 16 participants de diff\u00e9rents pays (Qu\u00e9bec &#8211; Canada, Belgique, Alg\u00e9rie, Tun\u00e9sie, France, Cameroun. \u00a0Rapport du Projet d&rsquo;exp. 1er signes- Version participants Rapport de recherche sur l&rsquo;utilisation de Premiers signes Rapport de recherche 1er Signes L&rsquo;ensemble (1) FIN<\/p>\n","protected":false},"author":1,"featured_media":0,"parent":4457,"menu_order":0,"comment_status":"closed","ping_status":"closed","template":"","meta":{"jetpack_post_was_ever_published":false,"footnotes":""},"class_list":["post-4501","page","type-page","status-publish","hentry"],"jetpack_sharing_enabled":true,"_links":{"self":[{"href":"https:\/\/pierrepotvin.com\/wp\/wp-json\/wp\/v2\/pages\/4501","targetHints":{"allow":["GET"]}}],"collection":[{"href":"https:\/\/pierrepotvin.com\/wp\/wp-json\/wp\/v2\/pages"}],"about":[{"href":"https:\/\/pierrepotvin.com\/wp\/wp-json\/wp\/v2\/types\/page"}],"author":[{"embeddable":true,"href":"https:\/\/pierrepotvin.com\/wp\/wp-json\/wp\/v2\/users\/1"}],"replies":[{"embeddable":true,"href":"https:\/\/pierrepotvin.com\/wp\/wp-json\/wp\/v2\/comments?post=4501"}],"version-history":[{"count":4,"href":"https:\/\/pierrepotvin.com\/wp\/wp-json\/wp\/v2\/pages\/4501\/revisions"}],"predecessor-version":[{"id":5484,"href":"https:\/\/pierrepotvin.com\/wp\/wp-json\/wp\/v2\/pages\/4501\/revisions\/5484"}],"up":[{"embeddable":true,"href":"https:\/\/pierrepotvin.com\/wp\/wp-json\/wp\/v2\/pages\/4457"}],"wp:attachment":[{"href":"https:\/\/pierrepotvin.com\/wp\/wp-json\/wp\/v2\/media?parent=4501"}],"curies":[{"name":"wp","href":"https:\/\/api.w.org\/{rel}","templated":true}]}}