{"id":4496,"date":"2021-02-18T19:02:02","date_gmt":"2021-02-18T19:02:02","guid":{"rendered":"http:\/\/pierrepotvin.com\/wp\/?page_id=4496"},"modified":"2021-02-28T15:54:22","modified_gmt":"2021-02-28T15:54:22","slug":"recherche-sur-le-depistage-des-eleves-en-difficulte-en-algerie-ikardouchene-bali-zahia","status":"publish","type":"page","link":"https:\/\/pierrepotvin.com\/wp\/premiers-signes-v2\/recherche-sur-le-depistage-des-eleves-en-difficulte-en-algerie-ikardouchene-bali-zahia\/","title":{"rendered":"Recherche sur le d\u00e9pistage des \u00e9l\u00e8ves en difficult\u00e9 en Alg\u00e9rie (Ikardouchene Bali Zahia)"},"content":{"rendered":"<p>&nbsp;<\/p>\n<h3><strong>D\u00e9pistage des \u00e9l\u00e8ves en difficult\u00e9 scolaire en Alg\u00e9rie : \u00e9tude de terrain au primaire, au coll\u00e8ge et au secondaire.<\/strong><\/h3>\n<p>Ikardouchene Bali Zahia\u00a0Professeure d\u00e9pt. Psychologie et sciences de l\u2019\u00e9ducation, facult\u00e9 des sciences humaines et sociales, Ouargla (Alg\u00e9rie)<\/p>\n<h3>Pierre Potvin,\u00a0 Professeur-chercheur retrait\u00e9 du d\u00e9partement de psycho\u00e9ducation de l&rsquo;Universit\u00e9 du Qu\u00e9bec \u00e0 Trois-Rivi\u00e8res (Qu\u00e9bec, Canada).<\/h3>\n<h3>Cette recherche a \u00e9t\u00e9 r\u00e9alis\u00e9 en Alg\u00e9rie de 2018 \u00e0 2020.<\/h3>\n<h3><strong>Note importante<\/strong>, l&rsquo;outil de d\u00e9pistage utilis\u00e9 n&rsquo;est pas le logiciel\u00a0<em>Premiers signes<\/em>, mais une adaptation de celui-ci. L&rsquo;outil utilis\u00e9 \u00e0 \u00e9t\u00e9 d\u00e9velopp\u00e9 suite \u00e0 des consultation d&rsquo;enseignant.e.s en s&rsquo;inspirant de\u00a0<em>Premiers signes.<\/em><\/h3>\n<h3 style=\"text-align: center;\"><a href=\"http:\/\/pierrepotvin.com\/wp\/wp-content\/uploads\/2021\/02\/D\u00e9pistage-des-\u00e9l\u00e8ves-en-difficult\u00e9-scolaire-en-Alg\u00e9rie-Final.pdf\">D\u00e9pistage des \u00e9l\u00e8ves en difficult\u00e9 scolaire en Alg\u00e9rie Final<\/a><\/h3>\n","protected":false},"excerpt":{"rendered":"<p>&nbsp; D\u00e9pistage des \u00e9l\u00e8ves en difficult\u00e9 scolaire en Alg\u00e9rie : \u00e9tude de terrain au primaire, au coll\u00e8ge et au secondaire. Ikardouchene Bali Zahia\u00a0Professeure d\u00e9pt. Psychologie et sciences de l\u2019\u00e9ducation, facult\u00e9 des sciences humaines et sociales, Ouargla (Alg\u00e9rie) Pierre Potvin,\u00a0 Professeur-chercheur retrait\u00e9 du d\u00e9partement de psycho\u00e9ducation de l&rsquo;Universit\u00e9 du Qu\u00e9bec \u00e0 Trois-Rivi\u00e8res (Qu\u00e9bec, Canada). Cette recherche&hellip;<\/p>\n","protected":false},"author":1,"featured_media":0,"parent":4457,"menu_order":7,"comment_status":"closed","ping_status":"closed","template":"","meta":{"jetpack_post_was_ever_published":false,"footnotes":""},"class_list":["post-4496","page","type-page","status-publish","hentry"],"jetpack_sharing_enabled":true,"_links":{"self":[{"href":"https:\/\/pierrepotvin.com\/wp\/wp-json\/wp\/v2\/pages\/4496","targetHints":{"allow":["GET"]}}],"collection":[{"href":"https:\/\/pierrepotvin.com\/wp\/wp-json\/wp\/v2\/pages"}],"about":[{"href":"https:\/\/pierrepotvin.com\/wp\/wp-json\/wp\/v2\/types\/page"}],"author":[{"embeddable":true,"href":"https:\/\/pierrepotvin.com\/wp\/wp-json\/wp\/v2\/users\/1"}],"replies":[{"embeddable":true,"href":"https:\/\/pierrepotvin.com\/wp\/wp-json\/wp\/v2\/comments?post=4496"}],"version-history":[{"count":2,"href":"https:\/\/pierrepotvin.com\/wp\/wp-json\/wp\/v2\/pages\/4496\/revisions"}],"predecessor-version":[{"id":4507,"href":"https:\/\/pierrepotvin.com\/wp\/wp-json\/wp\/v2\/pages\/4496\/revisions\/4507"}],"up":[{"embeddable":true,"href":"https:\/\/pierrepotvin.com\/wp\/wp-json\/wp\/v2\/pages\/4457"}],"wp:attachment":[{"href":"https:\/\/pierrepotvin.com\/wp\/wp-json\/wp\/v2\/media?parent=4496"}],"curies":[{"name":"wp","href":"https:\/\/api.w.org\/{rel}","templated":true}]}}