{"id":4490,"date":"2021-02-18T18:44:41","date_gmt":"2021-02-18T18:44:41","guid":{"rendered":"http:\/\/pierrepotvin.com\/wp\/?page_id=4490"},"modified":"2021-02-18T19:03:37","modified_gmt":"2021-02-18T19:03:37","slug":"recherche-develyne-pinard-belgique-premier-signes-v1","status":"publish","type":"page","link":"https:\/\/pierrepotvin.com\/wp\/premiers-signes-v2\/recherche-develyne-pinard-belgique-premier-signes-v1\/","title":{"rendered":"Recherche d&rsquo;\u00c9velyne Pinard (Belgique) Premiers signes V1"},"content":{"rendered":"<h3><strong>Voici le m\u00e9moire de recherche l&rsquo;\u00c9velyne Pinard avec l&rsquo;utilisation du logiciel\u00a0<em>Premiers signes.<\/em> J&rsquo;ai eu le plaisir et le privil\u00e8ge de l&rsquo;accompagner dans sa d\u00e9marche de recherche (courriels et Skype).<\/strong><\/h3>\n<h3><strong><em>Impl\u00e9mentation d\u2019un outil qu\u00e9b\u00e9cois de d\u00e9pistage d\u2019\u00e9l\u00e8ves \u00e0 risque de d\u00e9crochage scolaire dans une \u00e9cole fondamentale en Province de Li\u00e8ge<\/em><\/strong><\/h3>\n<h3 style=\"text-align: center;\"><strong><a href=\"http:\/\/pierrepotvin.com\/wp\/wp-content\/uploads\/2021\/02\/Pr\u00e9sentation-Pinard_Evelyne-23-Juin-2017-M\u00e9moire.pdf\">Pr\u00e9sentation Pinard_Evelyne- 23 Juin 2017 M\u00e9moire<\/a><\/strong><\/h3>\n<p>&nbsp;<\/p>\n<h3><strong><em>Pr\u00e9sentation du M\u00e9moire de recherche d&rsquo;\u00c9velyne Pinard<\/em><\/strong><\/h3>\n<h3 style=\"text-align: center;\"><strong><a href=\"http:\/\/pierrepotvin.com\/wp\/wp-content\/uploads\/2021\/02\/Evelyne_-Pinard-M\u00e9moire.pdf\">Evelyne_ Pinard M\u00e9moire<\/a><\/strong><\/h3>\n","protected":false},"excerpt":{"rendered":"<p>Voici le m\u00e9moire de recherche l&rsquo;\u00c9velyne Pinard avec l&rsquo;utilisation du logiciel\u00a0Premiers signes. J&rsquo;ai eu le plaisir et le privil\u00e8ge de l&rsquo;accompagner dans sa d\u00e9marche de recherche (courriels et Skype). Impl\u00e9mentation d\u2019un outil qu\u00e9b\u00e9cois de d\u00e9pistage d\u2019\u00e9l\u00e8ves \u00e0 risque de d\u00e9crochage scolaire dans une \u00e9cole fondamentale en Province de Li\u00e8ge Pr\u00e9sentation Pinard_Evelyne- 23 Juin 2017 M\u00e9moire&hellip;<\/p>\n","protected":false},"author":1,"featured_media":0,"parent":4457,"menu_order":6,"comment_status":"closed","ping_status":"closed","template":"","meta":{"jetpack_post_was_ever_published":false,"footnotes":""},"class_list":["post-4490","page","type-page","status-publish","hentry"],"jetpack_sharing_enabled":true,"_links":{"self":[{"href":"https:\/\/pierrepotvin.com\/wp\/wp-json\/wp\/v2\/pages\/4490","targetHints":{"allow":["GET"]}}],"collection":[{"href":"https:\/\/pierrepotvin.com\/wp\/wp-json\/wp\/v2\/pages"}],"about":[{"href":"https:\/\/pierrepotvin.com\/wp\/wp-json\/wp\/v2\/types\/page"}],"author":[{"embeddable":true,"href":"https:\/\/pierrepotvin.com\/wp\/wp-json\/wp\/v2\/users\/1"}],"replies":[{"embeddable":true,"href":"https:\/\/pierrepotvin.com\/wp\/wp-json\/wp\/v2\/comments?post=4490"}],"version-history":[{"count":4,"href":"https:\/\/pierrepotvin.com\/wp\/wp-json\/wp\/v2\/pages\/4490\/revisions"}],"predecessor-version":[{"id":4499,"href":"https:\/\/pierrepotvin.com\/wp\/wp-json\/wp\/v2\/pages\/4490\/revisions\/4499"}],"up":[{"embeddable":true,"href":"https:\/\/pierrepotvin.com\/wp\/wp-json\/wp\/v2\/pages\/4457"}],"wp:attachment":[{"href":"https:\/\/pierrepotvin.com\/wp\/wp-json\/wp\/v2\/media?parent=4490"}],"curies":[{"name":"wp","href":"https:\/\/api.w.org\/{rel}","templated":true}]}}