{"id":2984,"date":"2018-09-17T19:39:14","date_gmt":"2018-09-17T19:39:14","guid":{"rendered":"http:\/\/pierrepotvin.com\/wp\/?page_id=2984"},"modified":"2020-08-26T22:13:00","modified_gmt":"2020-08-26T22:13:00","slug":"la-collection-de-livres-en-psychoeducation","status":"publish","type":"page","link":"https:\/\/pierrepotvin.com\/wp\/references\/la-collection-de-livres-en-psychoeducation\/","title":{"rendered":"La collection de livres en Psycho\u00e9ducation"},"content":{"rendered":"<h3><span style=\"color: #000000;\">Cette collection de livres en psycho\u00e9ducation\u00a0chez B\u00e9liveau \u00c9diteur est pertinente pour divers types de professionnels: psycho\u00e9ducatrice(teur), \u00e9dutatrice(teur) sp\u00e9cialis\u00e9e, psychologue, orthop\u00e9dagogue, enseignant, etc. Certains livres peuvent \u00e9galement \u00eatre utiles aux parents.<\/span><\/h3>\n<h3 style=\"text-align: center;\"><a href=\"https:\/\/www.beliveauediteur.com\/livres\/psychoeducation\/\">https:\/\/www.beliveauediteur.com\/livres\/psychoeducation\/<\/a><\/h3>\n<p>&nbsp;<\/p>\n<h3><span style=\"color: #000000;\"><strong>Nouveau livre en psycho\u00e9ducation: L&rsquo;ABC de la psycho\u00e9ducation PUQ<\/strong><\/span><\/h3>\n<p><a href=\"https:\/\/www.renaud-bray.com\/Livres_Produit.aspx?id=3211911&amp;def=ABC+de+la+psycho%c3%a9ducation(L%27)%2cMA%c3%8fANO%2c+CHRISTOPHE%2cCOUTU%2c+SYLVAIN%2c9782760553057\">https:\/\/www.renaud-bray.com\/Livres_Produit.aspx?id=3211911&amp;def=ABC+de+la+psycho%c3%a9ducation(L%27)%2cMA%c3%8fANO%2c+CHRISTOPHE%2cCOUTU%2c+SYLVAIN%2c9782760553057<\/a><\/p>\n<p><a href=\"https:\/\/books.google.ca\/books?hl=fr&amp;lr=&amp;id=g8P4DwAAQBAJ&amp;oi=fnd&amp;pg=PT6&amp;ots=Md_CoYA4Z9&amp;sig=kduQyRA-YHikVs0eAPddGIbJMd8#v=onepage&amp;q&amp;f=false\">https:\/\/books.google.ca\/books?hl=fr&amp;lr=&amp;id=g8P4DwAAQBAJ&amp;oi=fnd&amp;pg=PT6&amp;ots=Md_CoYA4Z9&amp;sig=kduQyRA-YHikVs0eAPddGIbJMd8#v=onepage&amp;q&amp;f=false<\/a><\/p>\n","protected":false},"excerpt":{"rendered":"<p>Cette collection de livres en psycho\u00e9ducation\u00a0chez B\u00e9liveau \u00c9diteur est pertinente pour divers types de professionnels: psycho\u00e9ducatrice(teur), \u00e9dutatrice(teur) sp\u00e9cialis\u00e9e, psychologue, orthop\u00e9dagogue, enseignant, etc. Certains livres peuvent \u00e9galement \u00eatre utiles aux parents. https:\/\/www.beliveauediteur.com\/livres\/psychoeducation\/ &nbsp; Nouveau livre en psycho\u00e9ducation: L&rsquo;ABC de la psycho\u00e9ducation PUQ https:\/\/www.renaud-bray.com\/Livres_Produit.aspx?id=3211911&amp;def=ABC+de+la+psycho%c3%a9ducation(L%27)%2cMA%c3%8fANO%2c+CHRISTOPHE%2cCOUTU%2c+SYLVAIN%2c9782760553057 https:\/\/books.google.ca\/books?hl=fr&amp;lr=&amp;id=g8P4DwAAQBAJ&amp;oi=fnd&amp;pg=PT6&amp;ots=Md_CoYA4Z9&amp;sig=kduQyRA-YHikVs0eAPddGIbJMd8#v=onepage&amp;q&amp;f=false<\/p>\n","protected":false},"author":1,"featured_media":0,"parent":77,"menu_order":0,"comment_status":"closed","ping_status":"closed","template":"","meta":{"jetpack_post_was_ever_published":false,"footnotes":""},"class_list":["post-2984","page","type-page","status-publish","hentry"],"jetpack_sharing_enabled":true,"_links":{"self":[{"href":"https:\/\/pierrepotvin.com\/wp\/wp-json\/wp\/v2\/pages\/2984","targetHints":{"allow":["GET"]}}],"collection":[{"href":"https:\/\/pierrepotvin.com\/wp\/wp-json\/wp\/v2\/pages"}],"about":[{"href":"https:\/\/pierrepotvin.com\/wp\/wp-json\/wp\/v2\/types\/page"}],"author":[{"embeddable":true,"href":"https:\/\/pierrepotvin.com\/wp\/wp-json\/wp\/v2\/users\/1"}],"replies":[{"embeddable":true,"href":"https:\/\/pierrepotvin.com\/wp\/wp-json\/wp\/v2\/comments?post=2984"}],"version-history":[{"count":5,"href":"https:\/\/pierrepotvin.com\/wp\/wp-json\/wp\/v2\/pages\/2984\/revisions"}],"predecessor-version":[{"id":4325,"href":"https:\/\/pierrepotvin.com\/wp\/wp-json\/wp\/v2\/pages\/2984\/revisions\/4325"}],"up":[{"embeddable":true,"href":"https:\/\/pierrepotvin.com\/wp\/wp-json\/wp\/v2\/pages\/77"}],"wp:attachment":[{"href":"https:\/\/pierrepotvin.com\/wp\/wp-json\/wp\/v2\/media?parent=2984"}],"curies":[{"name":"wp","href":"https:\/\/api.w.org\/{rel}","templated":true}]}}