{"id":214,"date":"2015-06-28T22:35:59","date_gmt":"2015-06-28T22:35:59","guid":{"rendered":"http:\/\/pierrepotvin.com\/wp\/?page_id=214"},"modified":"2024-09-27T19:23:10","modified_gmt":"2024-09-27T19:23:10","slug":"ma-famille","status":"publish","type":"page","link":"https:\/\/pierrepotvin.com\/wp\/mes-disparus\/ma-famille\/","title":{"rendered":"Ma famille"},"content":{"rendered":"<h3><strong> Elz\u00e9ar Potvin &#8211; Mon p\u00e8re<\/strong><\/h3>\n<p style=\"text-align: center;\"><a href=\"http:\/\/pierrepotvin.com\/wp\/wp-content\/uploads\/2015\/06\/P\u00e8re-1965.png\"><img loading=\"lazy\" decoding=\"async\" class=\"alignnone size-full wp-image-4049\" src=\"http:\/\/pierrepotvin.com\/wp\/wp-content\/uploads\/2015\/06\/P\u00e8re-1965.png\" alt=\"\" width=\"128\" height=\"232\" \/><\/a>\u00a0\u00a0<a href=\"http:\/\/pierrepotvin.com\/wp\/wp-content\/uploads\/2015\/06\/P\u00e8re-2.png\"><img loading=\"lazy\" decoding=\"async\" class=\"alignnone wp-image-4051\" src=\"http:\/\/pierrepotvin.com\/wp\/wp-content\/uploads\/2015\/06\/P\u00e8re-2-252x300.png\" alt=\"\" width=\"176\" height=\"210\" srcset=\"https:\/\/pierrepotvin.com\/wp\/wp-content\/uploads\/2015\/06\/P\u00e8re-2-252x300.png 252w, https:\/\/pierrepotvin.com\/wp\/wp-content\/uploads\/2015\/06\/P\u00e8re-2.png 636w\" sizes=\"auto, (max-width: 176px) 100vw, 176px\" \/><\/a><\/p>\n<h3>Mon p\u00e8re \u00e9tait plein d&rsquo;\u00e9motions, lorsqu&rsquo;il entendait cette chanson : Un Canadien errant. Je crois qu&rsquo;il se retrouvait dans cette chanson&#8230; un peu en exil lui-m\u00eame&#8230;<\/h3>\n<h3><em><span style=\"color: #000000;\">Un texte \u00e0 la m\u00e9moire de mon p\u00e8re<\/span><\/em><\/h3>\n<p><a href=\"http:\/\/pierrepotvin.com\/wp\/wp-content\/uploads\/2017\/02\/Mon-p%C3%A8re-un-canadien-errant-4-avril-2017.pdf\">http:\/\/pierrepotvin.com\/wp\/wp-content\/uploads\/2017\/02\/Mon-p%C3%A8re-un-canadien-errant-4-avril-2017.pdf<\/a><\/p>\n<p><span style=\"color: #000000;\">Quelques souvenirs positifs de mon p\u00e8re.<\/span><\/p>\n<ul>\n<li><span style=\"color: #000000;\">\u00c0 l&rsquo;adolescence nous \u00e9tions des gymnaste et mon p\u00e8re a construit pour mon fr\u00e8re Jean et moi une barre fixe dans notre cour.\u00a0 <\/span><\/li>\n<li><span style=\"color: #000000;\">Il a construit un cabanon pour la Moto Honda de mon fr\u00e8re jean et pour mon bicycle.<\/span><\/li>\n<li><span style=\"color: #000000;\">Il m&rsquo;a fait un arc et des fl\u00e8che \u00e0 partir du manche d&rsquo;un b\u00e2ton de hockey.<\/span><\/li>\n<li><span style=\"color: #000000;\">Lorsqu&rsquo;il sortait (rarement) il nous ramenait un bo\u00eete de \u00ab\u00a0Craker Jack\u00a0\u00bb (pop-corn au caramel)\u00a0<\/span><\/li>\n<\/ul>\n<p>&nbsp;<\/p>\n<p><strong><em>Un canadien errant<\/em><\/strong><\/p>\n<p><strong><em><a href=\"https:\/\/www.youtube.com\/watch?v=_xXRIciTZSQ\">https:\/\/www.youtube.com\/watch?v=_xXRIciTZSQ<br \/>\n<\/a>Chant\u00e9 par Nana Mouskari<\/em><\/strong><\/p>\n<p>Un chant canadien-fran\u00e7ais compos\u00e9 en 1842 par Antoine G\u00e9rin-Lajoie suite \u00e0 la r\u00e9pression des soul\u00e8vements des patriotes de 1837-38 par les Britanniques. Plusieurs patriotes dont Wolfred Nelson, furent condamn\u00e9s \u00e0 l\u2019exil et inspir\u00e8rent l\u2019auteur. \u00c0 l\u2019\u00e9poque le Canada d\u00e9signe le Bas-Canada (le Qu\u00e9bec).<\/p>\n<p>Un Canadien errant, banni de ses foyers<br \/>\nparcourait en pleurant, les pays \u00e9trangers<\/p>\n<p>Un jour triste et pensif, assis au bord des flots<br \/>\nau courant fugitif, il adressa ces mots<\/p>\n<p>Si tu vois mon pays, mon pays malheureux<br \/>\nva dire \u00e0 mes amis que je me souviens d\u2019eux<\/p>\n<p>Non, mais en expirant, \u00f4 mon cher Canada<br \/>\nmon regard languissant vers toi se portera<\/p>\n<hr \/>\n<h2 style=\"text-align: center;\"><span style=\"color: #800000;\"><strong>Laurette Potvin (Drapeau &#8211; Duchesne) &#8211; Ma m\u00e8re<br \/>\n<\/strong><\/span><span style=\"color: #800000; font-family: Arial; font-size: x-large;\">11 juin 1914 &#8211; 15 mai 2003<\/span><\/h2>\n<h2 style=\"text-align: center;\"><span style=\"color: #800000;\"><strong>Hommage \u00e0 ma m\u00e8re \u00a0<\/strong> <\/span><\/h2>\n<h3><strong><a href=\"http:\/\/pierrepotvin.com\/wp\/wp-content\/uploads\/2015\/06\/mere.jpg\" rel=\"attachment wp-att-1000\"><img loading=\"lazy\" decoding=\"async\" class=\"wp-image-1000 aligncenter\" src=\"http:\/\/pierrepotvin.com\/wp\/wp-content\/uploads\/2015\/06\/mere-215x300.jpg\" alt=\"mere\" width=\"169\" height=\"236\" srcset=\"https:\/\/pierrepotvin.com\/wp\/wp-content\/uploads\/2015\/06\/mere-215x300.jpg 215w, https:\/\/pierrepotvin.com\/wp\/wp-content\/uploads\/2015\/06\/mere.jpg 515w\" sizes=\"auto, (max-width: 169px) 100vw, 169px\" \/><\/a><\/strong><\/h3>\n<h2><span style=\"color: #800000;\"><strong><u><em>Mot livr\u00e9\u00a0lors de la c\u00e9r\u00e9monie des fun\u00e9railles<\/em><\/u><\/strong><\/span><\/h2>\n<p><strong>Ch\u00e8re m\u00e8re, je te voyais comme une promesse de long\u00e9vit\u00e9, je ne sais pourquoi je te voyais atteindre au moins\u00a0 95 ans. Tu semblais franchir le temps si facilement. Tu nous a quitt\u00e9 trop rapidement. Il me semble que nous avions encore beaucoup de choses \u00e0 nous dire.<\/strong><\/p>\n<p><strong>\u00a0<em><u>Merci ch\u00e8re maman<\/u>\u00a0:<\/em><\/strong><\/p>\n<ul>\n<li><strong> d\u2019avoir assumer notre \u00e9ducation seule (Lise, Jean et moi) et de ne pas nous avoir abandonn\u00e9 enfant dans un contexte de vie difficile;<\/strong><\/li>\n<li><strong> merci d\u2019avoir accept\u00e9 que j\u2019entreprenne de longues \u00e9tudes alors que tu avais encore besoin d\u2019aides financi\u00e8res;<\/strong><\/li>\n<li><strong> merci de nous avoir t\u00e9moign\u00e9 que tu \u00e9tais fier et satisfaite de tes 3 enfants.<\/strong><\/li>\n<\/ul>\n<p><strong><em> <u>Les qualit\u00e9s de ma m\u00e8re qui nous ont marqu\u00e9es <\/u>:<\/em><\/strong><\/p>\n<p><strong> <i>Merci pour ce que nous avons appris de toi:<\/i><\/strong><\/p>\n<ul>\n<li><strong> \u00e0 g\u00e9rer le temps et \u00eatre tr\u00e8s productif avec peu<br \/>\n<em>(ma m\u00e8re \u00e9tait une personne tr\u00e8s efficace);<\/em><\/strong><\/li>\n<li><strong> \u00e0 \u00eatre sociable, aimer \u00e0 \u00eatre avec les autres, avoir du plaisir \u00e0 \u00eatre en contact avec le monde<br \/>\n<em>(ma m\u00e8re aimait rendre visite aux autres, ses s\u0153urs et fr\u00e8res, etc.);<\/em><\/strong><\/li>\n<li><strong> elle savait \u00a0travailler fort et s\u2019accorder des petits plaisirs pour se r\u00e9compenser;<\/strong><\/li>\n<li><strong> c&rsquo;\u00e9tait important pour ma m\u00e8re d&rsquo;avoir de l\u2019humour, de rire de toutes les situations dr\u00f4les de la vie <em> (ma m\u00e8re aimait rire, il lui arrivaient toutes sortes de situations incroyables);<\/em><\/strong><\/li>\n<li><strong> elle nous a l\u00e9gu\u00e9 l\u2019importance des bonnes mani\u00e8res et du savoir vivre;<\/strong><\/li>\n<li><strong> l\u2019importance d\u2019\u00eatre Chic and swell (bien habill\u00e9, propre et sentir bon, etc.)<em>(ma m\u00e8re restait toujours coquette et pr\u00e9occup\u00e9e de son apparence)<\/em><br \/>\n<\/strong><\/li>\n<\/ul>\n<p><strong>Toutes ces qualit\u00e9s et valeurs l\u00e9gu\u00e9es par ma m\u00e8re ont influenc\u00e9 nos vies et d&rsquo;une certaine mani\u00e8re c&rsquo;est un peu elle qui continue \u00e0 vivre en nous&#8230; en nos enfants &#8230; et en nos petits enfants.<\/strong><\/p>\n<p><strong>Ton fils Pierre<\/strong><\/p>\n<p><em>Tro<\/em><em><strong>is-Rivi\u00e8res le 22 mai 2003<\/strong><\/em><\/p>\n<hr \/>\n<h2 style=\"text-align: center;\">\u00a0 <strong><span style=\"color: #800000;\">Hommage \u00e0 mon fr\u00e8re<br \/>\nJean Potvin 1938-2008<\/span><\/strong><\/h2>\n<p><strong><a href=\"http:\/\/pierrepotvin.com\/wp\/wp-content\/uploads\/2015\/06\/Jean1.jpg\" rel=\"attachment wp-att-996\"><img loading=\"lazy\" decoding=\"async\" class=\"alignnone size-full wp-image-996 aligncenter\" src=\"http:\/\/pierrepotvin.com\/wp\/wp-content\/uploads\/2015\/06\/Jean1.jpg\" alt=\"Jean1\" width=\"194\" height=\"205\" \/><\/a><\/strong> <strong><a href=\"http:\/\/pierrepotvin.com\/wp\/wp-content\/uploads\/2015\/06\/IMG_0429.jpg\" rel=\"attachment wp-att-998\"><img loading=\"lazy\" decoding=\"async\" class=\"alignnone size-medium wp-image-998 aligncenter\" src=\"http:\/\/pierrepotvin.com\/wp\/wp-content\/uploads\/2015\/06\/IMG_0429-300x225.jpg\" alt=\"IMG_0429\" width=\"300\" height=\"225\" srcset=\"https:\/\/pierrepotvin.com\/wp\/wp-content\/uploads\/2015\/06\/IMG_0429-300x225.jpg 300w, https:\/\/pierrepotvin.com\/wp\/wp-content\/uploads\/2015\/06\/IMG_0429-768x576.jpg 768w, https:\/\/pierrepotvin.com\/wp\/wp-content\/uploads\/2015\/06\/IMG_0429-1024x768.jpg 1024w\" sizes=\"auto, (max-width: 300px) 100vw, 300px\" \/><\/a><\/strong><\/p>\n<h3><strong>Mon fr\u00e8re Jean est n\u00e9 \u00e0 Bedford (Mont\u00e9r\u00e9gie, Qu\u00e9bec) en 1938. Il est d\u00e9c\u00e9d\u00e9 le 23 septembre 2008 suite \u00e0 une maladie virulente (cancer du poumon) d&rsquo;une dur\u00e9e d&rsquo;\u00e0 peine deux mois. Jean a v\u00e9cu son enfance, son adolescence et sa vie de jeune adulte \u00e0 Verdun (Montr\u00e9al, Qc.) puis, pendant une vingtaine d&rsquo;ann\u00e9es \u00e0 l&rsquo;\u00cele Bisard (Montr\u00e9al). Jean a v\u00e9cu de nombreuse ann\u00e9e avec son ex-conjointe Jeanne Day et ensemble ils eurent deux enfants, S\u00e9bastien Potvin (Technicien sp\u00e9cialis\u00e9 de machine lourde -Abitibi) et Manon Potvin (artiste peinte &#8211; Magog).<\/strong><\/h3>\n<h3><strong>Enfant et adolescent,\u00a0 il a fr\u00e9quent\u00e9 l&rsquo;\u00e9cole primaire Notre Dame de la Garde de Verdun (Qc) ainsi que l&rsquo;\u00e9cole notre Dame de Lourde. Comme moi, son histoire familiale et scolaire fut tr\u00e8s difficile (voir \u00e0 ce sujet sur le pr\u00e9sent site, mon histoire personnelle, autobiographie). La r\u00e9silience de mon fr\u00e8re Jean, s&rsquo;est r\u00e9alis\u00e9e en relevant de nombreux d\u00e9fis sportifs, \u00e0 savoir la course \u00e0 pied, Marathon de Montr\u00e9al, de New York, et de nombreux autres durant plus de 20 ans, la plong\u00e9e sous-marine et d&rsquo;autres formes d&rsquo;expression qu&rsquo;\u00e9taient la musique, la guitare, l&rsquo;harmonicas, la chanson, la po\u00e9sie et la photographie.<\/strong><\/h3>\n<p>&nbsp;<\/p>\n<h3><span style=\"color: #800000;\"><strong>Mot prononc\u00e9 par Pierre Potvin aux fun\u00e9railles de Jean<\/strong><\/span><\/h3>\n<p><span style=\"color: #000000;\"><strong>Mon fr\u00e8re Jean (1938-2008)<br \/>\nTel que vu par son fr\u00e8re Pierre<br \/>\n27 septembre 2008<\/strong><\/span><\/p>\n<ul>\n<li>\n<h4><strong>Jean avait 3 noms\u00a0: Jean \u2013 Jean-Claude et Johnny<\/strong><\/h4>\n<\/li>\n<li>\n<h4><strong>Jean aux multiples talents<\/strong><\/h4>\n<ul>\n<li>\n<h4><strong>Sportif \u2013 gymnastique \u2013 plong\u00e9e \u2013 marathonien<\/strong><\/h4>\n<\/li>\n<li>\n<h4><strong>Artiste \u2013 po\u00e9sie \u2013 photographie<\/strong><\/h4>\n<\/li>\n<li>\n<h4><strong>Musicien \u2013guitare \u2013 harmonica &#8211; chant\u00a0<\/strong><\/h4>\n<\/li>\n<\/ul>\n<\/li>\n<li>\n<h4><strong>Jean \u00e0 la recherche de la \u00ab\u00a0performance\u00a0\u00bb\u2026 \u00e0 la\u00a0\u00a0recherche de l&rsquo;amour\u2026<\/strong><\/h4>\n<\/li>\n<li>\n<h4><strong>Jean et Bedford\u2026 et la famille<\/strong><\/h4>\n<\/li>\n<li>\n<h4><strong>Jean un fils soucieux de sa m\u00e8re, de sa s\u0153ur Lise\u00a0de son fr\u00e8re Pierre<\/strong><\/h4>\n<\/li>\n<li>\n<h4><strong>Jean souffrant de solitude<\/strong><\/h4>\n<\/li>\n<li>\n<h4><strong>Jean aimant la nature \u2013 l&rsquo;eau \u2013 la mer -le soleil<\/strong><\/h4>\n<\/li>\n<li>\n<h4><strong>Jean aimant le \u00ab\u00a0monde\u00a0\u00bb ayant besoin de ses amis<\/strong><\/h4>\n<\/li>\n<li>\n<h4><strong>Jean fier de ses deux enfants et de ses petits\u00a0enfants<\/strong><\/h4>\n<\/li>\n<li>\n<h4><strong>Jean et son \u00ab\u00a0hypersensibilit\u00e9\u00a0\u00bb peu fait pour le\u00a0 monde d\u2019aujourd\u2019hui\u2026<\/strong><\/h4>\n<\/li>\n<\/ul>\n<h4><strong>Pour ceux qui ont la foi\u2026 Jean est avec le cr\u00e9ateur de cet univers\u2026 et je souhaite qu\u2019il soit maintenant \u00e9ternellement heureux\u2026<\/strong><\/h4>\n<h4><strong>Jean mon fr\u00e8re tu vas me manquer&#8230; tu me manques d\u00e9j\u00e0.<\/strong><\/h4>\n<h4><strong>Ton fr\u00e8re Pierre<\/strong><\/h4>\n<p>&nbsp;<\/p>\n<p><span style=\"color: #800000;\"><strong>Romain Rousseau (coll\u00e8gue universitaire, ami, musicien, po\u00e8te) 19 janvier 2009<\/strong><\/span><\/p>\n<p><span style=\"color: #800000;\"><strong>Hommage \u00e0 Jean<\/strong><\/span><\/p>\n<p><span style=\"color: #000000;\"><strong>Jean, que devient ta symphonie\u00a0?<br \/>\nta guitare, ta po\u00e9sie\u00a0?<br \/>\nC\u2019est ton fr\u00e8re que je connais\u2026<br \/>\nReviendrais-tu si tu pouvais\u00a0?\u00a0<\/strong><\/span><\/p>\n<p><span style=\"color: #000000;\"><strong>Tu es tomb\u00e9 en m\u00eame temps<br \/>\nque la moisson soumise au temps<br \/>\nde l\u2019automne avant les pluies<br \/>\nlorsque trop t\u00f4t le soleil fuit\u00a0<\/strong><\/span><\/p>\n<p><span style=\"color: #000000;\"><strong>Ressembles-tu \u00e0 ton p\u2019tit fr\u00e8re<br \/>\nqui\u00a0 ajoute pierre<br \/>\ndessus pierre pour \u00e9riger<br \/>\nquelque savoir \u00e0 partager\u00a0?<\/strong><\/span><\/p>\n<p><span style=\"color: #000000;\"><strong>Ta symphonie fut solitaire<br \/>\nje crois savoir\u2026 Car le myst\u00e8re<br \/>\nne se vit pas loin de soi-m\u00eame<br \/>\nC\u2019est au-dedans qu\u2019on peine et aime<\/strong><\/span><\/p>\n<p><span style=\"color: #000000;\"><strong>\u00c0 ton fr\u00e8re proche de toi<br \/>\nj\u2019envoie la mer pour que son \u00e9moi<br \/>\ntrouve la paix de tes plong\u00e9es<br \/>\ndans l\u2019oc\u00e9an endimanch\u00e9<\/strong><\/span><\/p>\n<p><span style=\"color: #000000;\"><strong>Ce fut si long trouver les mots<br \/>\nIl a fallu un pt\u2019it radeau<br \/>\nune mar\u00e9e et du silence<br \/>\npour dire \u00e0 Pierre\u00a0: Ami, avance\u00a0!<\/strong><\/span><\/p>\n<p><strong>\u00a0<\/strong><\/p>\n<hr \/>\n<p>&nbsp;<\/p>\n<p><script>\/\/ <![CDATA[ (function(i,s,o,g,r,a,m){i['GoogleAnalyticsObject']=r;i[r]=i[r]||function(){ (i[r].q=i[r].q||[]).push(arguments)},i[r].l=1*new Date();a=s.createElement(o), m=s.getElementsByTagName(o)[0];a.async=1;a.src=g;m.parentNode.insertBefore(a,m) })(window,document,'script','\/\/www.google-analytics.com\/analytics.js','ga'); ga('create', 'UA-74730148-1', 'auto'); ga('send', 'pageview'); \/\/ ]]><\/script><\/p>\n","protected":false},"excerpt":{"rendered":"<p>Elz\u00e9ar Potvin &#8211; Mon p\u00e8re \u00a0\u00a0 Mon p\u00e8re \u00e9tait plein d&rsquo;\u00e9motions, lorsqu&rsquo;il entendait cette chanson : Un Canadien errant. Je crois qu&rsquo;il se retrouvait dans cette chanson&#8230; un peu en exil lui-m\u00eame&#8230; Un texte \u00e0 la m\u00e9moire de mon p\u00e8re http:\/\/pierrepotvin.com\/wp\/wp-content\/uploads\/2017\/02\/Mon-p%C3%A8re-un-canadien-errant-4-avril-2017.pdf Quelques souvenirs positifs de mon p\u00e8re. \u00c0 l&rsquo;adolescence nous \u00e9tions des gymnaste et mon&hellip;<\/p>\n","protected":false},"author":1,"featured_media":0,"parent":212,"menu_order":1,"comment_status":"closed","ping_status":"closed","template":"","meta":{"jetpack_post_was_ever_published":false,"footnotes":""},"class_list":["post-214","page","type-page","status-publish","hentry"],"jetpack_sharing_enabled":true,"_links":{"self":[{"href":"https:\/\/pierrepotvin.com\/wp\/wp-json\/wp\/v2\/pages\/214","targetHints":{"allow":["GET"]}}],"collection":[{"href":"https:\/\/pierrepotvin.com\/wp\/wp-json\/wp\/v2\/pages"}],"about":[{"href":"https:\/\/pierrepotvin.com\/wp\/wp-json\/wp\/v2\/types\/page"}],"author":[{"embeddable":true,"href":"https:\/\/pierrepotvin.com\/wp\/wp-json\/wp\/v2\/users\/1"}],"replies":[{"embeddable":true,"href":"https:\/\/pierrepotvin.com\/wp\/wp-json\/wp\/v2\/comments?post=214"}],"version-history":[{"count":15,"href":"https:\/\/pierrepotvin.com\/wp\/wp-json\/wp\/v2\/pages\/214\/revisions"}],"predecessor-version":[{"id":5544,"href":"https:\/\/pierrepotvin.com\/wp\/wp-json\/wp\/v2\/pages\/214\/revisions\/5544"}],"up":[{"embeddable":true,"href":"https:\/\/pierrepotvin.com\/wp\/wp-json\/wp\/v2\/pages\/212"}],"wp:attachment":[{"href":"https:\/\/pierrepotvin.com\/wp\/wp-json\/wp\/v2\/media?parent=214"}],"curies":[{"name":"wp","href":"https:\/\/api.w.org\/{rel}","templated":true}]}}