{"id":1819,"date":"2017-09-02T20:20:07","date_gmt":"2017-09-02T20:20:07","guid":{"rendered":"http:\/\/pierrepotvin.com\/wp\/?page_id=1819"},"modified":"2019-03-19T23:07:46","modified_gmt":"2019-03-19T23:07:46","slug":"mes-collaborations-internationales","status":"publish","type":"page","link":"https:\/\/pierrepotvin.com\/wp\/references\/mes-collaborations-internationales\/","title":{"rendered":"Collaborations internationales"},"content":{"rendered":"<h3><span style=\"color: #000000;\">Voici mes diverses collaborations internationales en \u00e9ducation et en psycho\u00e9ducation. L&rsquo;adresse courriel est indiqu\u00e9e pour chaque personne ce qui vous permet d&rsquo;entrer en contact avec elles si cela vous int\u00e9resse<\/span><\/h3>\n<h2 style=\"text-align: center;\"><em><span style=\"color: #800000;\"><strong><u>Afrique<\/u><\/strong><\/span><\/em><\/h2>\n<h3><span style=\"color: #800000;\"><strong><em>Alg\u00e9rie<br \/>\n<\/em><\/strong><\/span><span style=\"color: #000000;\">Universit\u00e9 d\u2019Ouargla<\/span><\/h3>\n<h3><span style=\"color: #000000;\"><strong>Zahia Ikardouchene Bali \u00a0<\/strong><a style=\"color: #000000;\" href=\"mailto:balizahia@yahoo.fr\">balizahia@yahoo.fr<br \/>\n<\/a>Psychologue, Professeure d\u2019universit\u00e9<\/span><\/h3>\n<h3><span style=\"color: #000000;\">Docteur en psychologie clinique, maitre de conf\u00e9rences \u00e0 l\u2019institut de psychologie et des sciences de l\u2019\u00e9ducation, facult\u00e9 des sciences humaines et sociales, universit\u00e9 d\u2019Ouargla. Membre au\u00a0 laboratoire des pratiques psychologiques et \u00e9ducatives (DPEP), universit\u00e9 d\u2019Ouargla, membre de la soci\u00e9t\u00e9 psychosomatique \u00e0 Paris. Dipl\u00f4me universitaire en psychosomatique int\u00e9grative \u00e0 la facult\u00e9 de m\u00e9decine Pierre et Marie Curie (UPMC), Paris VI.<\/span><\/h3>\n<h3><span style=\"color: #000000;\"><strong>\u00a0<\/strong><\/span><span style=\"color: #000000;\"><em>Type de collaboration en recherche<br \/>\n<\/em><\/span><span style=\"color: #000000;\">Information et visioconf\u00e9rence \u00e0 l\u2019Universit\u00e9 d\u2019Ouargla sur le d\u00e9pistage des \u00e9l\u00e8ves \u00e0 risque au pr\u00e9scolaire et au primaire. \u00c9tude sur une collaboration possible en recherche pour 2017-2018.<\/span><\/h3>\n<h3><span style=\"color: #000000;\">Projet de recherche d\u00e9but\u00e9\u00a0 \u00e0 l&rsquo;hiver 2018 :\u00a0<em>Le d\u00e9crochage et le retard scolaire en Alg\u00e9rie: d\u00e9pister et agir aupr\u00e8s des \u00e9l\u00e8ves (aux primaires, aux coll\u00e8ges et aux lyc\u00e9es).<\/em><\/span><\/h3>\n<hr \/>\n<h3>\u00a0<span style=\"color: #800000;\"><strong><em>Cameroun &#8211; Yaound\u00e9<\/em><\/strong><\/span><\/h3>\n<h3><span style=\"color: #000000;\"><em><strong>Joseph Anselme \u00a0Kame Keusom <\/strong><\/em>\u00a0<a style=\"color: #000000;\" href=\"mailto:accsosup@gmail.com\">accsosup@gmail.com<br \/>\n<\/a><\/span><span style=\"color: #000000;\">Psychologue sp\u00e9cialis\u00e9 en mesure et \u00e9valuation, en psychom\u00e9trie<\/span><\/h3>\n<h3><span style=\"color: #000000;\">Pr\u00e9sident de L\u2019ACCSOSUP Association Camerounaise de Coaching Scolaire et d\u2019Orientation Scolaire, Universitaire et Professionnelle<\/span><\/h3>\n<h3><span style=\"color: #000000;\"><em>Type de collaboration en recherche<br \/>\n<\/em>Travaux d\u2019adaptation pour le Cameroun et de validation du <em>Questionnaire de d\u00e9pistage des \u00e9l\u00e8ves \u00e0 risque de d\u00e9crochage scolaire.<br \/>\n<\/em><\/span><span style=\"color: #000000;\">\u00c9change et collaboration en pr\u00e9vention du d\u00e9crochage scolaire<\/span><\/h3>\n<h3 class=\"x_ydp28afba91yahoo-style-wrap\"><strong><span style=\"color: #000000;\">Evelyne Amana.\u00a0<\/span><\/strong><span style=\"color: #000000;\">amlyne69@yahoo.fr<br \/>\n<\/span><strong><span style=\"color: #000000;\"><br \/>\n<\/span><\/strong><span style=\"color: #000000;\">Enseignante-chercheure en service au\u00a0d\u00e9partement\u00a0des Sciences\u00a0de l&rsquo;\u00e9ducation, Ecole normale sup\u00e9rieure, Universit\u00e9\u00a0de Yaound\u00e9 I, Charg\u00e9e\u00a0de Cours.<\/span><\/h3>\n<h3 class=\"x_ydp28afba91yahoo-style-wrap\"><span style=\"color: #000000;\">Psychologue\u00a0du\u00a0d\u00e9veloppement et ses travaux de recherche touchent les sujets du d\u00e9veloppement:\u00a0en milieu familial,\u00a0en milieu scolaire et\u00a0dans la rue.<\/span><\/h3>\n<h3><span style=\"color: #000000;\"><em>Type de collaboration<br \/>\n<\/em>Projet de recherche: <em>D\u00e9pistage des\u00a0 \u00e9l\u00e8ves \u00e0 risque d&rsquo;\u00e9chec scolaire au primaire au Cameroun.<\/em><\/span><\/h3>\n<p>&nbsp;<\/p>\n<hr \/>\n<h3><span style=\"color: #000000;\"><strong><em>\u00a0<\/em><\/strong><\/span><span style=\"color: #000000;\"><strong><em><span style=\"color: #800000;\">Togo- Lom\u00e9<\/span><br \/>\n<\/em><\/strong>Universit\u00e9 de Lom\u00e9<\/span><\/h3>\n<h3><span style=\"color: #000000;\"><strong><em>\u00a0<\/em><\/strong><\/span><span style=\"color: #000000;\"><strong><em>Ibn Habib Bawa Ph.D<\/em>.<\/strong> \u00a0<a style=\"color: #000000;\" href=\"mailto:ihbawa@gmail.com\">ihbawa@gmail.com<\/a><\/span><br \/>\n<span style=\"color: #000000;\"> Psychologue, professeur d\u2019universit\u00e9 en administration scolaire<\/span><br \/>\n<span style=\"color: #000000;\"><br \/>\n<em>Type de collaboration en recherche<br \/>\n<\/em>Collaboration dans la cadre de la th\u00e8se de doctorat, particuli\u00e8rement en ce qui concerne les instruments de mesure\u00a0: \u00a0<em>Pratiques \u00e9ducatives familiales, estime de soi et performances scolaires chez des adolescents\u00a0: cas des adolescents de la commune d\u2019Atakpam\u00e9 (Togo)<\/em><\/span><\/h3>\n<hr \/>\n<h3><span style=\"color: #800000;\"> <strong><em>Rwanda<\/em><\/strong><\/span><\/h3>\n<h3><span style=\"color: #000000;\"><em><strong>Ernestine Narame <\/strong><\/em><u>Ernestine.Narame@unil.ch<\/u><strong><br \/>\n<\/strong>Doctorante \u00e0 l\u2019Universit\u00e9 de Lausanne Suisse.<\/span><br \/>\n<span style=\"color: #000000;\"> Facult\u00e9 des sciences sociales et politique, option \u00c9tudes genre.<\/span><\/h3>\n<h3><span style=\"color: #000000;\"><em>Les composantes de l\u2019exp\u00e9rience scolaire des\u00a0\u00a0enfants rwandais.\u00a0\u00a0Les enfants de \u2018femmes seules\u2019, une cat\u00e9gorie \u00e0 part ?\u00a0<\/em><\/span><\/h3>\n<h3><span style=\"color: #000000;\"><em>Type de collaboration en recherche<br \/>\n<\/em>Fournir de la documentation et conseils en recherche<\/span><\/h3>\n<h2 style=\"text-align: center;\"><span style=\"color: #800000;\"><strong><em><u>Europe<\/u><\/em><\/strong><\/span><\/h2>\n<h3><span style=\"color: #800000;\"><strong><em>Belgique \u2013 Li\u00e8ge<\/em><\/strong><\/span><\/h3>\n<h3><span style=\"color: #000000;\"><strong><em>\u00c9velyne Pinard <\/em><\/strong><u><a style=\"color: #000000;\" href=\"mailto:pinardevelyne@hotmail.com\">pinardevelyne@hotmail.com<\/a><\/u><\/span><br \/>\n<span style=\"color: #000000;\"> <em>Enseignante au primaire<\/em><\/span><\/h3>\n<h3><span style=\"color: #000000;\">\u00c9tude de ma\u00eetrise \u00e0 l\u2019Universit\u00e9 de li\u00e8ge<strong><em><br \/>\n<\/em><\/strong>Facult\u00e9 de psychologie et des Sciences de l\u2019\u00c9ducation des Sciences de l\u2019\u00c9ducation<\/span><\/h3>\n<h3><span style=\"color: #000000;\"><em>Type de collaboration en recherche<br \/>\n<\/em>Collaboration dans le cadre du m\u00e9moire de ma\u00eetrise\u00a0: <em>Impl\u00e9mentation d\u2019un outil qu\u00e9b\u00e9cois de d\u00e9pistage d\u2019\u00e9l\u00e8ves \u00e0 risque de d\u00e9crochage scolaire dans une \u00e9cole fondamentale de la Province de Li\u00e8ge. <\/em><\/span><\/h3>\n<h3><span style=\"color: #000000;\">Collaboration pour la pr\u00e9sentation de ses r\u00e9sultats de recherche lors du Colloque internationale au LASAL\u00c9<\/span><\/h3>\n<hr \/>\n<h3><span style=\"color: #000000;\">\u00a0<\/span><span style=\"color: #800000;\"><strong><em>Belgique \u2013 Louvain<\/em><\/strong><\/span><\/h3>\n<h3><span style=\"color: #000000;\"><strong><em>Renata Lefebvre<\/em><\/strong> \u00a0\u00a0<u>renata.lefebvre@student.uclouvain.be<\/u><\/span><br \/>\n<span style=\"color: #000000;\"> <strong><em>Morane Hesbois<\/em><\/strong> \u00a0<u>morane.hesbois@student.uclouvain.be<\/u><\/span><br \/>\n<span style=\"color: #000000;\"> Enseignantes au primaire<\/span><\/h3>\n<h3><span style=\"color: #000000;\">\u00c9tude de ma\u00eetrise \u00e0 l\u2019Universit\u00e9 catholique de Louvain<\/span><br \/>\n<span style=\"color: #000000;\"> Facult\u00e9 de psychologie et des sciences de l\u2019\u00e9ducation (PSP)<br \/>\n<\/span><span style=\"color: #000000;\">\u00c9cole d\u2019\u00e9ducation et de formation (EDEF)<br \/>\n<\/span><span style=\"color: #000000;\">Master en sciences de l\u2019\u00e9ducation (FOPA)<\/span><\/h3>\n<h3><span style=\"color: #000000;\"><em>Type de collaboration en recherche<br \/>\n<\/em><\/span><span style=\"color: #000000;\">Collaboration dans le cadre du m\u00e9moire de ma\u00eetrise <em>Les repr\u00e9sentations sociales des enseignants. Une approche du concept \u00ab\u00a0d&rsquo;\u00e9l\u00e8ves en difficult\u00e9s d\u2019apprentissage\u00a0<\/em><\/span><\/h3>\n<hr \/>\n<h3><span style=\"color: #800000;\"><strong><em>France &#8211; Lyon<\/em><\/strong><\/span><br \/>\n<span style=\"color: #000000;\"> Gregory Chery <a style=\"color: #000000;\" href=\"mailto:cherywasgregory@gmail.com\">cherywasgregory@gmail.com<\/a><\/span><\/h3>\n<h3><span style=\"color: #000000;\">\u00c9tude de ma\u00eetrise \u00e0 l\u2019Universit\u00e9 Lumi\u00e8re Lyon<\/span><br \/>\n<span style=\"color: #000000;\"> Ma\u00eetrise II Direction Organisations \u00c9ducatives\/ I.S.P.E.<\/span><\/h3>\n<table width=\"792\">\n<tbody>\n<tr>\n<td width=\"792\">\n<h3><span style=\"color: #000000;\"><em>Type de collaboration en recherche<br \/>\n<\/em>Collaboration dans le cadre du m\u00e9moire de ma\u00eetrise <em>Proposition d\u2019un protocole de d\u00e9pistage du d\u00e9crochage scolaire pour le \u00a0Groupe du dispositif de \u00a0<\/em><em>d\u00e9pistage du d\u00e9crochage scolaire du lyc\u00e9e J. Lurcat1<\/em><\/span><\/h3>\n<h3><span style=\"color: #000000;\"> Adaptation et informatisation du <em>Questionnaire de d\u00e9pistage des \u00e9l\u00e8ves \u00e0 risque de d\u00e9crochage scolaire<\/em><\/span><strong><em>\u00a0<\/em><\/strong><\/h3>\n<hr \/>\n<h3><span style=\"color: #800000;\"><strong><em>France \u2013 Bordeaux<\/em><\/strong><\/span><\/h3>\n<h3><span style=\"color: #000000;\"><strong><em>Marie Alice Moreira <\/em><\/strong><u><a style=\"color: #000000;\" href=\"mailto:moreira@belorme.com\">moreira@belorme.com<br \/>\n<\/a><\/u><\/span><span style=\"color: #000000;\">Enseignante \u2013 Lyc\u00e9e technique et professionnel<\/span><\/h3>\n<h3><span style=\"color: #000000;\"><em>Type de collaboration en recherche<br \/>\n<\/em><\/span><span style=\"color: #000000;\"><em>Projet europ\u00e9en ERASMUS+ \u00ab\u00a0Jeunes Ambassadeurs du Commerce \u00c9quitable<br \/>\n<\/em>Pr\u00e9vention du d\u00e9crochage scolaire<\/span><\/h3>\n<h3><span style=\"color: #000000;\">Fournir de la documentation sur le d\u00e9crochage scolaire \u2013 rencontre \u00e0 l\u2019UQTR en ao\u00fbt 2017.<\/span><\/h3>\n<hr \/>\n<h3><span style=\"color: #800000;\"> <strong><em>Suisse &#8211; Lausanne<\/em><\/strong><\/span><\/h3>\n<h3><span style=\"color: #000000;\"><strong><em>Haute \u00c9cole P\u00e9dagogique de Vaud<br \/>\n<\/em><\/strong><\/span><span style=\"color: #000000;\">Jean-Luc Gilles Ph.D <a style=\"color: #000000;\" href=\"mailto:jean-luc.gilles@hepl.ch\">jean-luc.gilles@hepl.ch<\/a><\/span><\/h3>\n<h3><span style=\"color: #000000;\">Prof. Dr Jean-Luc GILLES Ing\u00e9nierie des \u00e9valuations<\/span><br \/>\n<span style=\"color: #000000;\"> <em>Assessment Engineering<\/em>Unit\u00e9 d\u2019enseignement et de recherche Enseignement, apprentissage et \u00e9valuation (UER EN)<\/span><br \/>\n<span style=\"color: #000000;\"> <em>Teaching and Research Unit in Teaching, Learning and Assessment<\/em><\/span><br \/>\n<span style=\"color: #000000;\"> Haute \u00e9cole p\u00e9dagogique du canton de Vaud (HEP Vaud)<\/span><br \/>\n<span style=\"color: #000000;\"> <em>University of Teacher Education, State of Vaud, Lausanne<\/em><\/span><br \/>\n<span style=\"color: #000000;\"> Avenue de Cour 33 &#8211;\u00a0CH1014 Lausanne \u2013 Switzerland<\/span><br \/>\n<span style=\"color: #000000;\"> Bur.: \u00a0C33-730Tel.: \u00a0+41 79 769 98 40<\/span><br \/>\n<span style=\"color: #000000;\"> Skype: jlgilles<a style=\"color: #000000;\" href=\"http:\/\/www.hepl.ch\/\">www.hepl.ch<\/a><a style=\"color: #000000;\" href=\"http:\/\/orcid.org\/0000-0002-3549-4683\">orcid ID<\/a><\/span><\/h3>\n<h3>\u00a0<span style=\"color: #000000;\"><em>Type de collaboration en recherche<br \/>\n<\/em><\/span><span style=\"color: #000000;\">Le transfert de connaissance, la pr\u00e9vention du d\u00e9crochage scolaire<\/span><br \/>\n<span style=\"color: #000000;\"> \u00c9dition du livre <em>Les alliances \u00e9ducatives pour lutter contre le d\u00e9crochage scolaire <\/em>Peter Lang \u00c9diteur.<\/span><\/h3>\n<h3><span style=\"color: #000000;\">Visite internationale de la Haute \u00e9cole P\u00e9dagogique (H\u00c9P)<\/span><br \/>\n<span style=\"color: #000000;\"> Unit\u00e9 RD-RNI de la HEP Vaud (Lausanne, Suisse)<br \/>\n<\/span><span style=\"color: #000000;\">Les 8 et 9 septembre 2014<\/span><\/h3>\n<\/td>\n<\/tr>\n<\/tbody>\n<\/table>\n<h3><\/h3>\n<p><strong>\u00a0<\/strong><\/p>\n","protected":false},"excerpt":{"rendered":"<p>Voici mes diverses collaborations internationales en \u00e9ducation et en psycho\u00e9ducation. L&rsquo;adresse courriel est indiqu\u00e9e pour chaque personne ce qui vous permet d&rsquo;entrer en contact avec elles si cela vous int\u00e9resse Afrique Alg\u00e9rie Universit\u00e9 d\u2019Ouargla Zahia Ikardouchene Bali \u00a0balizahia@yahoo.fr Psychologue, Professeure d\u2019universit\u00e9 Docteur en psychologie clinique, maitre de conf\u00e9rences \u00e0 l\u2019institut de psychologie et des sciences&hellip;<\/p>\n","protected":false},"author":1,"featured_media":0,"parent":77,"menu_order":1,"comment_status":"closed","ping_status":"closed","template":"","meta":{"jetpack_post_was_ever_published":false,"footnotes":""},"class_list":["post-1819","page","type-page","status-publish","hentry"],"jetpack_sharing_enabled":true,"_links":{"self":[{"href":"https:\/\/pierrepotvin.com\/wp\/wp-json\/wp\/v2\/pages\/1819","targetHints":{"allow":["GET"]}}],"collection":[{"href":"https:\/\/pierrepotvin.com\/wp\/wp-json\/wp\/v2\/pages"}],"about":[{"href":"https:\/\/pierrepotvin.com\/wp\/wp-json\/wp\/v2\/types\/page"}],"author":[{"embeddable":true,"href":"https:\/\/pierrepotvin.com\/wp\/wp-json\/wp\/v2\/users\/1"}],"replies":[{"embeddable":true,"href":"https:\/\/pierrepotvin.com\/wp\/wp-json\/wp\/v2\/comments?post=1819"}],"version-history":[{"count":13,"href":"https:\/\/pierrepotvin.com\/wp\/wp-json\/wp\/v2\/pages\/1819\/revisions"}],"predecessor-version":[{"id":3552,"href":"https:\/\/pierrepotvin.com\/wp\/wp-json\/wp\/v2\/pages\/1819\/revisions\/3552"}],"up":[{"embeddable":true,"href":"https:\/\/pierrepotvin.com\/wp\/wp-json\/wp\/v2\/pages\/77"}],"wp:attachment":[{"href":"https:\/\/pierrepotvin.com\/wp\/wp-json\/wp\/v2\/media?parent=1819"}],"curies":[{"name":"wp","href":"https:\/\/api.w.org\/{rel}","templated":true}]}}