{"id":182,"date":"2019-09-30T14:59:57","date_gmt":"2019-09-30T14:59:57","guid":{"rendered":"http:\/\/pierrepotvin.com\/wp\/livres\/?page_id=182"},"modified":"2020-01-02T20:36:50","modified_gmt":"2020-01-02T20:36:50","slug":"textes-decriture","status":"publish","type":"page","link":"https:\/\/pierrepotvin.com\/wp\/livres\/textes-decriture\/","title":{"rendered":"Textes d&rsquo;\u00e9criture"},"content":{"rendered":"<h3><a href=\"http:\/\/pierrepotvin.com\/wp\/livres\/wp-content\/uploads\/2020\/01\/Devoir-4-du-x-f\u00e9vrier-2019.pdf\">Devoir 4 du x f\u00e9vrier 2019<\/a><\/h3>\n<h3><span style=\"color: #000000;\">Les textes qui suivent sont issus d&rsquo;exercices d&rsquo;\u00e9criture r\u00e9alis\u00e9s dans le cadre d&rsquo;ateliers d&rsquo;\u00e9criture dirig\u00e9s par\u00a0Christiane Asselin. Elle est r\u00e9viseur, auteure, compositeur, interpr\u00e8te, chanteuse.<br \/>\n<\/span><\/h3>\n<h3><span style=\"color: #000000;\">Les\u00a0textes qui suivent sont inspir\u00e9s\u00a0de mon v\u00e9cu.<\/span><\/h3>\n<h3 style=\"text-align: left;\"><span style=\"color: #800000;\"><strong><em>J\u2019ai cinq ans, c\u2019est No\u00ebl<\/em><\/strong><\/span><\/h3>\n<h3><em><span style=\"color: #000000;\">L&rsquo;histoire d&rsquo;un enfant de 8 ou 9 ans vivant la p\u00e9riode de Noel dans une famille pauvre durant les ann\u00e9es 1950<\/span><\/em><\/h3>\n<p><a href=\"http:\/\/pierrepotvin.com\/wp\/wp-content\/uploads\/2017\/02\/Noel-Jai-cinq-ans....-9-f\u00e9v.-2017.pdf\">Noel J&rsquo;ai cinq ans&#8230;. 9 f\u00e9v. 2017<\/a><\/p>\n<hr \/>\n<p>&nbsp;<\/p>\n<h3 style=\"text-align: left;\"><span style=\"color: #800000;\"><strong><em>Ce jour-l\u00e0 je venais de comprendre que j\u2019aimais apprendre<\/em><\/strong><\/span><\/h3>\n<h3><span style=\"color: #000000;\">T\u00e9moignage de mon v\u00e9cu scolaire au primaire et au secondaire<\/span><\/h3>\n<h3><span style=\"color: #000000;\"><em>\u00ab\u00a0Ces durant cette p\u00e9riode-l\u00e0, durant ces jours-l\u00e0 que sans vraiment en \u00eatre trop conscient, sans vraiment le savoir,\u00a0 je venais de d\u00e9cider, que moi j\u2019aimais apprendre et que dans ma vie je consacrerais beaucoup de temps \u00e0 apprendre.\u00a0\u00bb<\/em><\/span><\/h3>\n<p><em>\u00a0<\/em><span style=\"color: #000000;\"><a href=\"http:\/\/pierrepotvin.com\/wp\/wp-content\/uploads\/2017\/02\/Jaimais-apprendre-14-fe\u0301vrier-2017.pdf\">J&rsquo;aimais apprendre 14 fe\u0301vrier 2017<\/a><\/span><\/p>\n<hr \/>\n<h3><span style=\"color: #800000;\"><strong><em>Vivement chaque matin je reprends le clavier et j\u2019\u00e9cris.<\/em><\/strong><\/span><\/h3>\n<h3><span style=\"color: #000000;\">\u00ab\u00a0L\u2019\u00e9criture est devenue pour moi un moyen de communication, un moyen de partager mon savoir, un moyen de l\u00e9guer ma compr\u00e9hension de l\u2019\u00eatre humain, ma vision du monde. Mais c\u2019est plus, car maintenant, j\u2019ai du plaisir \u00e0 \u00e9crire. J\u2019aime \u00e9crire!\u00a0\u00bb<\/span><\/h3>\n<h4 style=\"text-align: left;\"><strong><em><a href=\"http:\/\/pierrepotvin.com\/wp\/wp-content\/uploads\/2017\/02\/L\u00e9criture-21-fe\u0301vrier-2017-Texte-pour-recueil-corrig\u00e9.pdf\">L&rsquo;\u00e9criture 21 fe\u0301vrier 2017 Texte pour recueil &#8211; corrig\u00e9<\/a><br \/>\n<\/em><\/strong><\/h4>\n<p>&nbsp;<\/p>\n<h3><\/h3>\n<hr \/>\n<h3 style=\"text-align: left;\"><span style=\"color: #800000;\"><strong><em>\u00a0Le diable est dans le charbon<\/em><\/strong><\/span><\/h3>\n<h3><span style=\"color: #000000;\">\u00ab\u00a0Pour moi, enfant de 7 ou 8 ans, cave sombre, noirceur, charbon repr\u00e9sentent l\u2019enfer et ce qui va avec, le diable. \u00ab\u00a0<\/span><\/h3>\n<p><a href=\"http:\/\/pierrepotvin.com\/wp\/wp-content\/uploads\/2017\/02\/Le-diable-est-dans-le-charbon-28-mars-2017.pdf\">Le diable est dans le charbon 28 mars 2017<\/a><\/p>\n<h3><\/h3>\n<hr \/>\n<h3>\u00a0<span style=\"color: #800000;\"><strong><em>Une d\u00e9monstration de gymnastique \u00e0 Boscoville \u00e0 l\u2019\u00e2ge de 15 ans, ouvre la porte de mon avenir professionnel<\/em><\/strong><\/span><\/h3>\n<h3>\u00ab\u00a0<span style=\"color: #000000;\">Cette d\u00e9monstration et surtout mon mentor Raymond Gagnier m\u2019ont ouvert la porte \u00e0 une carri\u00e8re d\u2019intervenant en centre jeunesse et \u00e0 une nouvelle profession que j\u2019ai exerc\u00e9 toute ma vie durant m\u00eame comme professeur chercheur \u00e0 l\u2019universit\u00e9. \u00ab\u00a0<\/span><\/h3>\n<h3><a href=\"http:\/\/pierrepotvin.com\/wp\/wp-content\/uploads\/2017\/02\/Une-d\u00e9monstration-de-gymnastique...-21-mars-2017.pdf\">Une d\u00e9monstration de gymnastique&#8230; 21 mars 2017<\/a><\/h3>\n<h3><\/h3>\n<hr \/>\n<h3><span style=\"color: #800000;\"><em><strong>\u00c0 la m\u00e9moire de mon p\u00e8re: un canadien errant<\/strong><\/em><\/span><\/h3>\n<h3><span style=\"color: #000000;\">\u00ab\u00a0En revenant du travail par une journ\u00e9e ensoleill\u00e9e d\u2019automne,\u00a0 j\u2019ai aper\u00e7u mon p\u00e8re qui pleurait. J\u2019ai compris ce qui le bouleversait lorsque j\u2019ai entendu jouer \u00e0 la radio la chanson <em>Un Canadien errant.<\/em>\u00a0\u00a0\u00bb\u00a0<\/span><\/h3>\n<p><a href=\"http:\/\/pierrepotvin.com\/wp\/wp-content\/uploads\/2017\/02\/Mon-p\u00e8re-un-canadien-errant-4-avril-2017.pdf\">Mon p\u00e8re &#8211; un canadien errant 4 avril 2017<\/a><\/p>\n<hr \/>\n<h3><em><span style=\"color: #800000;\"><strong>J&rsquo;aurais aim\u00e9 \u00eatre un grand p\u00e9dagogue<\/strong><\/span><\/em><\/h3>\n<h3><span style=\"color: #000000;\">\u00ab\u00a0Le climat est lourd, d\u2019une platitude de matin sombre et humide en novembre. Il se sent seul \u00e0 vouloir former ces futurs psycho\u00e9ducateurs \u00e0 leur noble profession. Il les veut rigoureux. Il trouve cela aussi difficile que lorsqu\u2019on veut d\u00e9boucher une bouteille de vin et que le bouchon r\u00e9siste.\u00a0\u00bb<\/span><\/h3>\n<p><a href=\"http:\/\/pierrepotvin.com\/wp\/wp-content\/uploads\/2017\/02\/Jaurais-aim\u00e9-\u00eatre-un-grand-p\u00e9dagogue-24-oct-2017.pdf\">J&rsquo;aurais aim\u00e9 \u00eatre un grand p\u00e9dagogue 24 oct, 2017<\/a><\/p>\n<hr \/>\n<h3><span style=\"color: #800000;\"><strong><em>\u00c7a prend toute une vie pour apprendre \u00e0 vivre<\/em><\/strong><\/span><\/h3>\n<h3><span style=\"color: #000000;\"><em>Le difficile m\u00e9tier\u00a0 la carri\u00e8re universitaire&#8230;<\/em><\/span><\/h3>\n<h3><span style=\"color: #000000;\">\u00ab\u00a0Un vent de fra\u00eecheur et de jeunesse, comme un beau matin de printemps ensoleill\u00e9, l\u2019envahit. Et ce matin-l\u00e0, il en arrive au constat <strong><em>qu\u2019il n\u2019est jamais trop tard pour<\/em><\/strong> vivre mieux et prendre soin de soi.\u00a0\u00bb<\/span><\/h3>\n<p><a href=\"http:\/\/pierrepotvin.com\/wp\/wp-content\/uploads\/2017\/02\/\u00c7a-prend-toute-une-vie-pour-apprendre-\u00e0-vivre-7-novembre-2017.pdf\">\u00c7a prend toute une vie pour apprendre \u00e0 vivre &#8211; 7 novembre 2017<\/a><\/p>\n<h3><span style=\"color: #800000;\"><em><strong>La surdit\u00e9<\/strong><\/em><\/span><\/h3>\n<h3><span style=\"color: #000000;\">\u00ab\u00a0\u00c0 cet instant, \u00a0Romain quitta l\u2019ordinateur, se rapprocha de moi, me fixa dans les yeux. Je sentais qu\u2019il h\u00e9sitait \u00e0 me parler, qu\u2019il avait quelque chose de grave \u00e0 me dire. Puis soudainement, d\u2019une voix forte\u00a0il me d\u00e9clara son secret: \u00ab\u00a0PIERRE T\u2019ES SOURD\u00a0!!! \u00ab\u00a0<\/span><\/h3>\n<p><a href=\"http:\/\/pierrepotvin.com\/wp\/wp-content\/uploads\/2017\/02\/Devoir-du-4e-cours-17-oct.-La-surdit\u00e9.pdf\">Devoir du 4e cours 17 oct. La surdit\u00e9<\/a><\/p>\n<h3><\/h3>\n<h3><strong><em><span style=\"color: #800000;\">Viens Jean&#8230;<\/span><\/em><\/strong><\/h3>\n<h3><span style=\"color: #000000;\">Exercice d\u2019\u00e9criture du palimpseste de la chanson de Jacques\u00a0Brel \u2013 Jef<br \/>\n<\/span><em><br \/>\n<\/em><\/h3>\n<p><a href=\"http:\/\/pierrepotvin.com\/wp\/wp-content\/uploads\/2017\/02\/2.-Pierre-devoir-1Viens-Jean-Version-corrig\u00e9e-VF.pdf\">2. Pierre devoir 1Viens Jean Version corrig\u00e9e VF<\/a><\/p>\n<h3><span style=\"color: #800000;\"><em><strong>Le manteau de fourrure de ma m\u00e8re<\/strong><\/em><\/span><\/h3>\n<h3><span style=\"color: #000000;\">\u00a0\u00bb\u00a0Ce manteau me faisait penser au chat de ma voisine\u00a0: c\u2019\u00e9tait un animal de race <em>l\u2019Exotic Shorthair<\/em>, \u00e0 la face \u00e9cras\u00e9e, les oreilles croches et ratatin\u00e9es, le poil cotonn\u00e9 d\u2019un gris douteux. Ma voisine m\u2019avait dit que c\u2019\u00e9tait elle qui coupait le poil de son chat, car celui-ci ne se l\u00e9chait pas et il se formait plein de n\u0153uds dans son poil. Apr\u00e8s la coupe, son chat ressemblait \u00e0 un animal \u00e9lectrocut\u00e9.\u00a0\u00bb<\/span><\/h3>\n<p><a href=\"http:\/\/pierrepotvin.com\/wp\/wp-content\/uploads\/2017\/02\/9.-Devoir-du-4e-cours-21-f\u00e9vrier-2018-manteau-de-fourure-de-ma-m\u00e8re.pdf\">9. Devoir du 4e cours 21 f\u00e9vrier 2018 manteau de fourure de ma m\u00e8re<\/a><\/p>\n<h3><span style=\"color: #800000;\"><em><strong>Le Bonheur<\/strong><\/em><\/span><\/h3>\n<h3><span style=\"color: #000000;\">\u00a0\u00bb Pour vivre un \u00e9tat de bonheur, il faut \u00eatre disponible \u00e0 le reconna\u00eetre, \u00e0 lui ouvrir la porte et le laisser entrer en soi. Il peut \u00eatre des jours et des jours \u00e0 l&rsquo;entr\u00e9e de chez soi sans y \u00eatre invit\u00e9. Est-ce mon cas? \u00ab\u00a0<\/span><\/h3>\n<p><a href=\"http:\/\/pierrepotvin.com\/wp\/wp-content\/uploads\/2017\/02\/Texte-pour-le-18-avril-Le-Bonheur.pdf\">Texte pour le 18 avril Le Bonheur<\/a><\/p>\n<h3><span style=\"color: #800000;\"><em><strong>Mon journal personnel<\/strong><\/em><\/span><\/h3>\n<h3><span style=\"color: #000000;\">\u00a0\u00bb D\u00e8s la vingtaine j\u2019ai commenc\u00e9 \u00e0 laisser des traces de ma vie sur le papier. Les ann\u00e9es se sont succ\u00e9d\u00e9es, avec elles les d\u00e9cennies\u00a0telles : les ann\u00e9es 1960, 70, 80, 90, 2000 et 2010. Quelque 28 cahiers totalisant plus de 2300 pages d\u2019\u00e9criture se sont accumul\u00e9s dans un endroit isol\u00e9 du sous-sol. \u00ab\u00a0<\/span><\/h3>\n<p><a href=\"http:\/\/pierrepotvin.com\/wp\/wp-content\/uploads\/2017\/02\/Devoir-du-6e-cours-7-mars-2018-Le-Journal.pdf\">Devoir du 6e cours 7 mars 2018 -Le Journal<\/a><\/p>\n<h3><em><strong><span style=\"color: #800000;\">Moments de bonheur<\/span><\/strong><\/em><\/h3>\n<h3><span style=\"color: #000000;\">\u00a0\u00bb Il fait plein soleil en ce jour d\u2019ao\u00fbt 1963. Je suis au comble du bonheur, car j\u2019ai rendez-vous avec Yolande, la femme que j\u2019aime. Comme elle \u00e9tudie \u00e0 l\u2019\u00c9cole des infirmi\u00e8res de l\u2019H\u00f4pital g\u00e9n\u00e9ral de Verdun, nous sommes \u00e0 deux heures l\u2019un de l\u2019autre. J\u2019habite \u00e0 Boscoville. Il est long le trajet qui me m\u00e8ne jusqu\u2019\u00e0 ses yeux\u2009! Car je suis en amour. \u00ab\u00a0<\/span><\/h3>\n<p><a href=\"http:\/\/pierrepotvin.com\/wp\/wp-content\/uploads\/2017\/02\/Pierre-Cours-du-3-mai-2018Moments-de-petits-bonheur-Corrig\u00e9-CA.pdf\">Pierre Cours du 3 mai 2018Moments de petits bonheur -Corrig\u00e9 CA<\/a><\/p>\n<h3><span style=\"color: #800000;\"><em><strong>Mon ami Romain<\/strong><\/em><\/span><\/h3>\n<h3><span style=\"color: #000000;\">\u00a0\u00bb J\u2019ai connu Romain lorsque j\u2019\u00e9tais professeur en sciences de l&rsquo;\u00e9ducation \u00e0 l\u2019Universit\u00e9 du Qu\u00e9bec \u00e0 Rimouski (UQAR) durant les ann\u00e9es 1982 \u00e0 1985. Il \u00e9tait le directeur du d\u00e9partement et c\u2019est lui qui m\u2019a engag\u00e9 comme professeur. C\u2019est suite \u00e0 mon d\u00e9part pour l\u2019UQTR que notre collaboration en recherche s\u2019est accentu\u00e9e en m\u00eame temps que notre amiti\u00e9. Mon ami Romain est pr\u00e9sentement tr\u00e8s malade. Il a le cancer de l\u2019intestin et son esp\u00e9rance de vie risque de ne pas d\u00e9passer quatre mois. Il est possible que je perde cet ami tr\u00e8s cher&#8230; \u00ab\u00a0<\/span><\/h3>\n<p><a href=\"http:\/\/pierrepotvin.com\/wp\/wp-content\/uploads\/2017\/02\/Cours-du-16-mai-2018-Lettre-\u00e0-mon-ami-Romain-V-Originale.pdf\">Cours du 16 mai 2018 Lettre \u00e0 mon ami Romain V-Originale<\/a><\/p>\n<h3><span style=\"color: #800000;\"><strong><em>Le temps t\u00e9moin de&#8230; ma vie&#8230;<\/em><\/strong><\/span><\/h3>\n<h3><span style=\"color: #800000;\"><em><a href=\"http:\/\/pierrepotvin.com\/wp\/wp-content\/uploads\/2017\/02\/Pierre-Potvin-devoir-1-Version-corrige\u0301e-CA-26-sept.-2018.pdf\">Pierre Potvin devoir 1 Version corrige\u0301e CA 26 sept. 2018<\/a><\/em><\/span><\/h3>\n<h3><em><span style=\"color: #800000;\"><strong>Emm\u00e8ne-moi dans tes r\u00eaves&#8230;\u00a0 (po\u00e8me)<\/strong><\/span><\/em><\/h3>\n<p><a href=\"http:\/\/pierrepotvin.com\/wp\/wp-content\/uploads\/2017\/02\/Pierre-Potvin-devoir-2-Version-originale-3-octobre.-2018-Am\u00e8ne-moi-dans-tes-r\u00eaves.pdf\">Pierre Potvin devoir 2 Version originale 3 octobre. 2018 Am\u00e8ne-moi dans tes r\u00eaves<\/a><\/p>\n<p><span style=\"color: #800000;\"><strong><em>Mon milieu de vie d\u2019enfance et d\u2019adolescence<\/em><\/strong><\/span><\/p>\n<p><a href=\"http:\/\/pierrepotvin.com\/wp\/livres\/wp-content\/uploads\/2020\/01\/Devoir-1-Version-corrig\u00e9e-2019-Mon-environnement.pdf\">Devoir 1 Version corrig\u00e9e 2019 &#8211; Mon environnement<\/a><\/p>\n<p><span style=\"color: #800000;\"><strong><em>Mon pauvre p\u00e8re<\/em><\/strong><\/span><\/p>\n<p><a href=\"http:\/\/pierrepotvin.com\/wp\/livres\/wp-content\/uploads\/2020\/01\/Devoir-2-du-cours-du-31-janvier-2019-Mon-p\u00e8re.pdf\">Devoir 2 du cours du 31 janvier 2019 &#8211; Mon p\u00e8re<\/a><\/p>\n<p><span style=\"color: #800000;\"><strong><em>Mon premier contact avec l\u2019\u00e9cole<\/em><\/strong><\/span><\/p>\n<p><a href=\"http:\/\/pierrepotvin.com\/wp\/livres\/wp-content\/uploads\/2020\/01\/Devoir-3-du-cours-du-7-fe\u0301vrier-2019-version-corrig\u00e9e.pdf\">Devoir 3 du cours du 7 fe\u0301vrier 2019 &#8211; version corrig\u00e9e<\/a><\/p>\n<p><span style=\"color: #800000;\"><strong><em>Visite au cimeti\u00e8re<\/em><\/strong><\/span><\/p>\n<p><a href=\"http:\/\/pierrepotvin.com\/wp\/livres\/wp-content\/uploads\/2020\/01\/Devoir-4-du-x-f\u00e9vrier-2019-1.pdf\">Devoir 4 du x f\u00e9vrier 2019<\/a><\/p>\n<p><span style=\"color: #800000;\"><em><strong>Premiers contacts avec les exp\u00e9riences scientifiques<\/strong><\/em><\/span><\/p>\n<p><a href=\"http:\/\/pierrepotvin.com\/wp\/livres\/wp-content\/uploads\/2020\/01\/Devoir-5-du-14-fe\u0301vrier-2019-Ado.-\u00e9cole.-Version-corrig\u00e9e.pdf\">Devoir 5 du 14 fe\u0301vrier 2019 Ado. \u00e9cole. Version corrig\u00e9e<\/a><\/p>\n<p><span style=\"color: #800000;\"><em><strong>La violence conjugale \u00e0 la maison<\/strong><\/em><\/span><\/p>\n<p><a href=\"http:\/\/pierrepotvin.com\/wp\/livres\/wp-content\/uploads\/2020\/01\/Devoir-7.-cours-6-mars-Violence-conjugale-V.-Finale-corrig\u00e9e.pdf\">Devoir 7. cours 6 mars Violence conjugale V. Finale corrig\u00e9e<\/a><\/p>\n<p><span style=\"color: #800000;\"><strong><em>Ma cr\u00e9ativit\u00e9 d\u2019adolescent<\/em><\/strong><\/span><\/p>\n<p><a href=\"http:\/\/pierrepotvin.com\/wp\/livres\/wp-content\/uploads\/2020\/01\/Devoir-9-Ma-cr\u00e9ativit\u00e9-dadolescent.pdf\">Devoir 9 &#8211; Ma cr\u00e9ativit\u00e9 d&rsquo;adolescent<\/a><\/p>\n<p><span style=\"color: #800000;\"><strong><em>Grand-papa, pourquoi \u00e9cris-tu des livres?<\/em><\/strong><\/span><\/p>\n<p><a href=\"http:\/\/pierrepotvin.com\/wp\/livres\/wp-content\/uploads\/2020\/01\/Devoir-1-cours-\u00e9criture-aut.-2019.pdf\">Devoir 1 cours \u00e9criture aut. 2019<\/a><\/p>\n<p><span style=\"color: #800000;\"><strong><em>Le libre arbitre<\/em><\/strong><\/span><\/p>\n<p><a href=\"http:\/\/pierrepotvin.com\/wp\/livres\/wp-content\/uploads\/2020\/01\/Devoir-3-cours-du-8-octobre-2019.pdf\">Devoir 3 cours du 8 octobre 2019<\/a><\/p>\n<p><span style=\"color: #800000;\"><strong>La souffrance et la s\u00e9r\u00e9nit\u00e9<\/strong><\/span><\/p>\n<p><a href=\"http:\/\/pierrepotvin.com\/wp\/livres\/wp-content\/uploads\/2020\/01\/Devoir-4-15-oct.-2019-.pdf\">Devoir 4 15 oct. 2019<\/a><\/p>\n<p><span style=\"color: #800000;\"><strong><em>Tu trouveras la paix dans ton c\u0153ur<\/em><\/strong><\/span><\/p>\n<p><a href=\"http:\/\/pierrepotvin.com\/wp\/livres\/wp-content\/uploads\/2020\/01\/Devoir-5-cours-du-22-octobre-2019.pdf\">Devoir 5 cours du 22 octobre 2019<\/a><\/p>\n<p><span style=\"color: #800000;\"><em><strong>Il y a une souris chez les Potvin<\/strong><\/em><\/span><\/p>\n<p><a href=\"http:\/\/pierrepotvin.com\/wp\/livres\/wp-content\/uploads\/2020\/01\/Devoir-6-2e-Une-souris-chez-les-Potvin.pdf\">Devoir 6 -2e Une souris chez les Potvin<\/a><\/p>\n<p><span style=\"color: #800000;\"><em><strong>Qui est \u00e0 l\u2019origine de l\u2019univers\u2009?<\/strong><\/em><\/span><\/p>\n<p><a href=\"http:\/\/pierrepotvin.com\/wp\/livres\/wp-content\/uploads\/2020\/01\/Devoir-7-LUnivers-le-texte-corrig\u00e9-CA-VF.pdf\">Devoir 7- L&rsquo;Univers- le texte corrig\u00e9 CA &#8211; VF<\/a><\/p>\n<p>&nbsp;<\/p>\n","protected":false},"excerpt":{"rendered":"<p>Devoir 4 du x f\u00e9vrier 2019 Les textes qui suivent sont issus d&rsquo;exercices d&rsquo;\u00e9criture r\u00e9alis\u00e9s dans le cadre d&rsquo;ateliers d&rsquo;\u00e9criture dirig\u00e9s par\u00a0Christiane Asselin. Elle est r\u00e9viseur, auteure, compositeur, interpr\u00e8te, chanteuse. Les\u00a0textes qui suivent sont inspir\u00e9s\u00a0de mon v\u00e9cu. J\u2019ai cinq ans, &hellip; <a href=\"https:\/\/pierrepotvin.com\/wp\/livres\/textes-decriture\/\">Continuer la lecture <span class=\"meta-nav\">&rarr;<\/span><\/a><\/p>\n","protected":false},"author":1,"featured_media":0,"parent":0,"menu_order":0,"comment_status":"closed","ping_status":"closed","template":"","meta":{"footnotes":""},"class_list":["post-182","page","type-page","status-publish","hentry"],"jetpack_sharing_enabled":true,"_links":{"self":[{"href":"https:\/\/pierrepotvin.com\/wp\/livres\/wp-json\/wp\/v2\/pages\/182","targetHints":{"allow":["GET"]}}],"collection":[{"href":"https:\/\/pierrepotvin.com\/wp\/livres\/wp-json\/wp\/v2\/pages"}],"about":[{"href":"https:\/\/pierrepotvin.com\/wp\/livres\/wp-json\/wp\/v2\/types\/page"}],"author":[{"embeddable":true,"href":"https:\/\/pierrepotvin.com\/wp\/livres\/wp-json\/wp\/v2\/users\/1"}],"replies":[{"embeddable":true,"href":"https:\/\/pierrepotvin.com\/wp\/livres\/wp-json\/wp\/v2\/comments?post=182"}],"version-history":[{"count":6,"href":"https:\/\/pierrepotvin.com\/wp\/livres\/wp-json\/wp\/v2\/pages\/182\/revisions"}],"predecessor-version":[{"id":231,"href":"https:\/\/pierrepotvin.com\/wp\/livres\/wp-json\/wp\/v2\/pages\/182\/revisions\/231"}],"wp:attachment":[{"href":"https:\/\/pierrepotvin.com\/wp\/livres\/wp-json\/wp\/v2\/media?parent=182"}],"curies":[{"name":"wp","href":"https:\/\/api.w.org\/{rel}","templated":true}]}}